{"id":2122,"date":"2026-01-06T13:32:51","date_gmt":"2026-01-06T12:32:51","guid":{"rendered":"https:\/\/www.hideawayherdla.no\/?page_id=2122"},"modified":"2026-01-06T14:17:29","modified_gmt":"2026-01-06T13:17:29","slug":"marine-traffic","status":"publish","type":"page","link":"https:\/\/www.hideawayherdla.no\/en\/marine-traffic\/","title":{"rendered":"Marine traffic"},"content":{"rendered":"\n<div class=\"wp-block-columns is-layout-flex wp-container-core-columns-is-layout-28f84493 wp-block-columns-is-layout-flex\">\n<div class=\"wp-block-column is-layout-flow wp-block-column-is-layout-flow\">\n<p>Follow what's going on on the fjord.<\/p>\n\n\n\n<iframe loading=\"lazy\" title=\"NAIS\" height=\"500px\" width=\"100%\" frameBorder=\"0\" src=\"https:\/\/nais.kystverket.no\/embed\/?{\u00a8options\u00a8{\u00a8useDatasetConfig\u00a8\u00bb\u00a8useUiState\u00a8\u00bb\u00a8useZoomAndCenter\u00a8\u00bb}\u00a8state\u00a8{\u00a8datasetConfigs\u00a8{\u00a8bwmapstandard\u00a8{\u00a8enabled\u00a8\u00bb}\u00a8aisstream\u00a8{\u00df7\u00bb\u00a8filters\u00a8{\u00a8countryIds\u00a8|\u00f7\u00a8hideOldAis\u00a8\u00bb\u00a8maxAge\u00a8\u00a82026-01-06T06:23:35.763Z\u00a8\u00a8navigationalStatus\u00a8|\u00c9\u00ca\u00cb\u00cc\u00cd\u00ce\u00cf\u00d0\u00d1\u00d2\u00a4A\u00a4B\u00a4C\u00a4D\u00a4E\u00a4F\u00f7\u00a8officialMmsiFilters\u00a8|\u00a8official\u00a8\u00a8other\u00a8\u00f7\u00a8shipTypeCategories\u00a8|\u00a8all_other\u00a8\u00a8anti_pollution\u00a8\u00a8cargo\u00a8\u00a8dive_vessel\u00a8\u00a8dredger\u00a8\u00a8fishing\u00a8\u00a8high_speed_craft\u00a8\u00a8law_enforce\u00a8\u00a8local_vessel\u00a8\u00a8medical_trans\u00a8\u00a8military_ops\u00a8\u00dfH\u00a8passenger\u00a8\u00a8pilot_vessel\u00a8\u00a8pleasure_craft\u00a8\u00a8port_tender\u00a8\u00a8reserved\u00a8\u00a8sailing_vessel\u00a8\u00a8sar\u00a8\u00a8special_craft\u00a8\u00a8tanker\u00a8\u00a8tug\u00a8\u00a8unknown\u00a8\u00f7\u00a8showFavoritesOnly\u00a8\u00ab}}\u00a8nationalmap\u00a8{\u00df7\u00ab}\u00a8methyd\u00a8{\u00df7\u00ab}\u00a8atonstream\u00a8{\u00df7\u00ab\u00df9{\u00a8atonTypeIds\u00a8|\u00c9\u00ca\u00cb\u00cc\u00cd\u00ce\u00cf\u00d0\u00d1\u00d2\u00a4A\u00a4B\u00a4C\u00a4D\u00a4E\u00a4F\u00a4G\u00a4H\u00a4I\u00a4J\u00a4K\u00a4L\u00a4M\u00a4N\u00a4O\u00a4P\u00a4Q\u00a4R\u00a4S\u00a4T\u00a4U\u00a4V\u00f7}}\u00a8navigationinstallation\u00a8{\u00df7\u00ab}\u00a8norwegianfairways\u00a8{\u00df7\u00ab}\u00a8fairwaysarea\u00a8{\u00df7\u00ab}\u00a8protectedarea\u00a8{\u00df7\u00ab}\u00a8policedistrict\u00a8{\u00df7\u00ab}\u00a8andoyafiringrangedangerzone\u00a8{\u00df7\u00ab}\u00a8norgeibilder\u00a8{\u00df7\u00ab}\u00a8nauticalchart\u00a8{\u00df7\u00ab}\u00a8rock\u00a8{\u00df7\u00ab}\u00a8placenames\u00a8{\u00df7\u00ab}\u00a8placeNamesSvalbardJanMayen\u00a8{\u00df7\u00ab}\u00a8maritimeboundary\u00a8{\u00df7\u00bb}\u00a8oceandepthcontours\u00a8{\u00df7\u00bb}\u00a8oceandepthpoints\u00a8{\u00df7\u00ab}\u00a8weatherstations\u00a8{\u00df7\u00ab}\u00a8npdsurfacefacility\u00a8{\u00df7\u00ab}\u00a8speedlimitcommercialvessels\u00a8{\u00df7\u00bb}\u00a8speedlimitrecreationalvessels\u00a8{\u00df7\u00ab}\u00a8navigationwarningcoastal\u00a8{\u00df7\u00ab}\u00a8weather\u00a8{\u00df7\u00ab}\u00a8vhf-coverage\u00a8{\u00df7\u00ab}\u00a8Bwmapstandard\u00a8{\u00df7\u00ab}\u00a8Bwmapsimple\u00a8{\u00df7\u00bb}\u00a8fairways\u00a8{\u00df7\u00ab}\u00a8PlaceNamesSvalbardJanMayen\u00a8{\u00df7\u00ab}\u00a8bwmapsimple\u00a8{\u00df7\u00ab}\u00a8vtsarea\u00a8{\u00df7\u00ab}\u00a8basestationdiagnostics\u00a8{\u00df7\u00ab}}\u00a8map\u00a8{\u00a8bounds\u00a8{\u00a6\u00a8lat\u00a8\u00a8lng\u00a8\u2021\u00a8_sw\u00a8\u00a3y.7q\u00a34.B9\u00a8_ne\u00a8\u00a3y.AB\u00a35.2Q\u2014}\u00a8center\u00a8{\u00df1F\u00a34.Eq\u00df1E\u00a3y.90}\u00a8zoom\u00a8\u00a3B.6x}\u00a8route\u00a8\u00b4\/\u00b4\u00b4ui\u00b4{\u00a6\u00a8open\u00a8\u2021\u00a8details\u00a8\u00ab\u00a8menu\u00a8\u00bb\u2014}}}\"><\/iframe>\n<\/div>\n<\/div>\n","protected":false},"excerpt":{"rendered":"<p>Follow what's going on on the fjord.<\/p>\n","protected":false},"author":1,"featured_media":0,"parent":0,"menu_order":0,"comment_status":"closed","ping_status":"closed","template":"","meta":{"_themeisle_gutenberg_block_has_review":false,"footnotes":""},"class_list":["post-2122","page","type-page","status-publish","hentry"],"_links":{"self":[{"href":"https:\/\/www.hideawayherdla.no\/en\/wp-json\/wp\/v2\/pages\/2122","targetHints":{"allow":["GET"]}}],"collection":[{"href":"https:\/\/www.hideawayherdla.no\/en\/wp-json\/wp\/v2\/pages"}],"about":[{"href":"https:\/\/www.hideawayherdla.no\/en\/wp-json\/wp\/v2\/types\/page"}],"author":[{"embeddable":true,"href":"https:\/\/www.hideawayherdla.no\/en\/wp-json\/wp\/v2\/users\/1"}],"replies":[{"embeddable":true,"href":"https:\/\/www.hideawayherdla.no\/en\/wp-json\/wp\/v2\/comments?post=2122"}],"version-history":[{"count":2,"href":"https:\/\/www.hideawayherdla.no\/en\/wp-json\/wp\/v2\/pages\/2122\/revisions"}],"predecessor-version":[{"id":2126,"href":"https:\/\/www.hideawayherdla.no\/en\/wp-json\/wp\/v2\/pages\/2122\/revisions\/2126"}],"wp:attachment":[{"href":"https:\/\/www.hideawayherdla.no\/en\/wp-json\/wp\/v2\/media?parent=2122"}],"curies":[{"name":"wp","href":"https:\/\/api.w.org\/{rel}","templated":true}]}}