{"id":308,"date":"2024-11-20T12:34:35","date_gmt":"2024-11-20T11:34:35","guid":{"rendered":"https:\/\/hideawayherdla.no\/?page_id=308"},"modified":"2025-10-23T10:53:33","modified_gmt":"2025-10-23T08:53:33","slug":"hideaway-herdla","status":"publish","type":"page","link":"https:\/\/www.hideawayherdla.no\/de\/","title":{"rendered":"Hideaway Herdla"},"content":{"rendered":"\n\n\n\n<h3 class=\"wp-block-heading\">\u00dcbernachten Sie<\/h3>\n\n\n\n<h4 class=\"wp-block-heading\">in exklusiven Fjordsuiten<\/h4>\n\n\n\n<p class=\"has-text-align-center is-style-default animated fadeIn delay-500ms slow\">Hideaway Herdla ist ein luxuri\u00f6ses \u00dcbernachtungskonzept<br>auf Herdla au\u00dferhalb von Bergen.<br>Wir bieten zwei einzelstehende Fjordsuiten,<br>die nahezu \u00fcber dem Meer schweben<br>und bis zu zwei G\u00e4sten Platz bieten.<\/p>\n\n\n\n<p class=\"animated fadeIn delay-500ms\">Die 32&nbsp;m<sup>2<\/sup> gro\u00dfen Suiten bieten:<\/p>\n\n\n\n<ul class=\"wp-block-list\">\n<li class=\"animated fadeIn delay-500ms\">einen kombinierten Schlaf-\/Wohn und K\u00fcchenbereich (18 m<sup>2<\/sup>)<\/li>\n\n\n\n<li class=\"animated fadeIn delay-1s\">ein Badezimmer mit Dusche (5 m<sup>2<\/sup>)<\/li>\n\n\n\n<li class=\"animated fadeIn delay-1s\">eine Terrasse (9 m<sup>2<\/sup>)<\/li>\n<\/ul>\n\n\n\n<hr class=\"wp-block-separator has-alpha-channel-opacity\"\/>\n\n\n\n<p><\/p>\n\n\n\n<div class=\"wp-block-media-text alignwide has-media-on-the-right is-stacked-on-mobile is-image-fill-element rund\" style=\"border-style:none;border-width:0px;border-radius:0px;margin-top:0;margin-right:0;margin-bottom:0;margin-left:0;padding-top:0;padding-right:0;padding-bottom:0;padding-left:0\"><div class=\"wp-block-media-text__content\">\n<h2 class=\"wp-block-heading\">Fjordsuite 1<\/h2>\n\n\n\n<p class=\"is-style-default animated fadeIn delay-1s slow\"><a href=\"https:\/\/hideawayherdla.no\/de\/fjordsuite-1\/\" data-type=\"page\" data-id=\"1347\">Die Fjordsuite 1<\/a> bietet eine Einrichtung, die in dunkleren Farben gehalten ist.<\/p>\n\n\n\n<p class=\"is-style-default animated fadeIn delay-500ms slow\">Von Terrasse mit Blick aufs Meer haben Sie einen ungest\u00f6rten Blick auf den Hjeltefjord und die Insel Sotra. Machen Sie es sich auf der Terrasse bequem, folgen Sie dem Schiffsverkehr oder genie\u00dfen Sie den Sonnenuntergang.<\/p>\n<\/div><figure class=\"wp-block-media-text__media\"><img loading=\"lazy\" decoding=\"async\" width=\"1320\" height=\"883\" src=\"https:\/\/www.hideawayherdla.no\/wp-content\/uploads\/hytte2.png\" alt=\"Fjordsuite 1\" class=\"wp-image-63 size-full\" style=\"object-position:56% 47%\" srcset=\"https:\/\/www.hideawayherdla.no\/wp-content\/uploads\/hytte2.png 1320w, https:\/\/www.hideawayherdla.no\/wp-content\/uploads\/hytte2-300x201.png 300w, https:\/\/www.hideawayherdla.no\/wp-content\/uploads\/hytte2-1024x685.png 1024w, https:\/\/www.hideawayherdla.no\/wp-content\/uploads\/hytte2-768x514.png 768w\" sizes=\"auto, (max-width: 1320px) 100vw, 1320px\" \/><\/figure><\/div>\n\n\n\n<div class=\"wp-block-media-text alignwide is-stacked-on-mobile is-image-fill-element\"><figure class=\"wp-block-media-text__media\"><img loading=\"lazy\" decoding=\"async\" width=\"1024\" height=\"685\" src=\"https:\/\/hideawayherdla.no\/wp-content\/uploads\/\/hytte1-1024x685.png\" alt=\"Fjordsuite 2\" class=\"wp-image-60 size-full\" style=\"object-position:50% 50%\" srcset=\"https:\/\/www.hideawayherdla.no\/wp-content\/uploads\/hytte1-1024x685.png 1024w, https:\/\/www.hideawayherdla.no\/wp-content\/uploads\/hytte1-300x201.png 300w, https:\/\/www.hideawayherdla.no\/wp-content\/uploads\/hytte1-768x514.png 768w, https:\/\/www.hideawayherdla.no\/wp-content\/uploads\/hytte1.png 1320w\" sizes=\"auto, (max-width: 1024px) 100vw, 1024px\" \/><\/figure><div class=\"wp-block-media-text__content\">\n<h2 class=\"wp-block-heading\">Fjordsuite 2<\/h2>\n\n\n\n<p class=\"animated fadeIn delay-500ms slow \"><a href=\"https:\/\/hideawayherdla.no\/de\/fjordsuite-2\/\" data-type=\"page\" data-id=\"1355\">In der Fjordsuite 2<\/a> dominieren hellere Farben.<\/p>\n\n\n\n<p class=\"animated fadeIn delay-500ms slow \">Die Terrasse mit Aussicht auf das Meer ist ein perfekter Ort, um die Schiffe im Hjeltefjord zu beobachten oder einfach nur an langen Sommerabenden zu relaxen.<\/p>\n<\/div><\/div>\n\n\n\n<hr class=\"wp-block-separator has-alpha-channel-opacity\"\/>\n\n\n<div class=\"widget widget_mod_vikbooking_otareviews\" id=\"mod_vikbooking_otareviews_1\"><h3 class=\"widget-title\">Das sagen unsere G\u00e4ste<\/h3><div class=\"vbo-modotareviews-wrap vbo-modotareviews-globscore-wrap\">\n\t<div class=\"vbo-modotareviews-elem-container vbo-modotareviews-globscore-container\">\n\t\t<div class=\"vbo-modotareviews-globalscore vbo-modotareviews-globalscore-website vbo-modotareviews-score-standard\">\n\t\n\t<div class=\"vbo-modotareviews-score-info-header\">\n\t\t\t<div class=\"vbo-modotareviews-score-info vbo-modotareviews-score-info-property\">\n\t\t\t\t\t<span class=\"vbo-modotareviews-lastdate\">13\/04\/2026<\/span>\n\t\t<\/div>\n\t\t<\/div>\n\n\t<div class=\"vbo-modotareviews-score-info-top\">\n\t\t<div class=\"vbo-modotareviews-score-info\">\n\t\t\t<div class=\"vbo-modotareviews-score-wrap vbo-modotareviews-score-wrap-website\">\n\t\t\t\t<div class=\"vbo-modotareviews-score-point\">\n\t\t\t\t\t<span>9.78<\/span>\n\t\t\t\t<\/div>\n\t\t\t\t<div class=\"vbo-modotareviews-score-totrev\">\n\t\t\t\t\t<span>basierend auf 13 R\u00fcckmeldungen<\/span>\n\t\t\t\t<\/div>\n\t\t\t<\/div>\n\t\t<\/div>\n\t<\/div>\n\t\n\t\t<div class=\"vbo-modotareviews-score-info-bottom\">\n\t\t<div class=\"vbo-modotareviews-subscores\">\n\t\t\t\t\t<div class=\"vbo-modotareviews-subscore\">\n\t\t\t\t<div class=\"vbo-modotareviews-subscore-inner\">\n\t\t\t\t\t<div class=\"vbo-modotareviews-subscore-category\">Preis\/Leistung<\/div>\n\t\t\t\t\t<div class=\"vbo-modotareviews-subscore-progress-inner\">\n\t\t\t\t\t\t<div class=\"vbo-modotareviews-subscore-progress-bar\">\n\t\t\t\t\t\t\t<div class=\"vbo-modotareviews-subscore-progress vbo-modotareviews-four-fourth\" style=\"width: 94%;\"><\/div>\n\t\t\t\t\t\t<\/div>\n\t\t\t\t\t<\/div>\n\t\t\t\t\t<div class=\"vbo-modotareviews-subscore-point\">9.4<\/div>\n\t\t\t\t<\/div>\n\t\t\t<\/div>\n\t\t\t\t\t\t<div class=\"vbo-modotareviews-subscore\">\n\t\t\t\t<div class=\"vbo-modotareviews-subscore-inner\">\n\t\t\t\t\t<div class=\"vbo-modotareviews-subscore-category\">Lage<\/div>\n\t\t\t\t\t<div class=\"vbo-modotareviews-subscore-progress-inner\">\n\t\t\t\t\t\t<div class=\"vbo-modotareviews-subscore-progress-bar\">\n\t\t\t\t\t\t\t<div class=\"vbo-modotareviews-subscore-progress vbo-modotareviews-four-fourth\" style=\"width: 100%;\"><\/div>\n\t\t\t\t\t\t<\/div>\n\t\t\t\t\t<\/div>\n\t\t\t\t\t<div class=\"vbo-modotareviews-subscore-point\">10<\/div>\n\t\t\t\t<\/div>\n\t\t\t<\/div>\n\t\t\t\t\t\t<div class=\"vbo-modotareviews-subscore\">\n\t\t\t\t<div class=\"vbo-modotareviews-subscore-inner\">\n\t\t\t\t\t<div class=\"vbo-modotareviews-subscore-category\">Sauberkeit<\/div>\n\t\t\t\t\t<div class=\"vbo-modotareviews-subscore-progress-inner\">\n\t\t\t\t\t\t<div class=\"vbo-modotareviews-subscore-progress-bar\">\n\t\t\t\t\t\t\t<div class=\"vbo-modotareviews-subscore-progress vbo-modotareviews-four-fourth\" style=\"width: 98%;\"><\/div>\n\t\t\t\t\t\t<\/div>\n\t\t\t\t\t<\/div>\n\t\t\t\t\t<div class=\"vbo-modotareviews-subscore-point\">9.8<\/div>\n\t\t\t\t<\/div>\n\t\t\t<\/div>\n\t\t\t\t\t\t<div class=\"vbo-modotareviews-subscore\">\n\t\t\t\t<div class=\"vbo-modotareviews-subscore-inner\">\n\t\t\t\t\t<div class=\"vbo-modotareviews-subscore-category\">Komfort<\/div>\n\t\t\t\t\t<div class=\"vbo-modotareviews-subscore-progress-inner\">\n\t\t\t\t\t\t<div class=\"vbo-modotareviews-subscore-progress-bar\">\n\t\t\t\t\t\t\t<div class=\"vbo-modotareviews-subscore-progress vbo-modotareviews-four-fourth\" style=\"width: 100%;\"><\/div>\n\t\t\t\t\t\t<\/div>\n\t\t\t\t\t<\/div>\n\t\t\t\t\t<div class=\"vbo-modotareviews-subscore-point\">10<\/div>\n\t\t\t\t<\/div>\n\t\t\t<\/div>\n\t\t\t\t\t\t<div class=\"vbo-modotareviews-subscore\">\n\t\t\t\t<div class=\"vbo-modotareviews-subscore-inner\">\n\t\t\t\t\t<div class=\"vbo-modotareviews-subscore-category\">Einrichtung<\/div>\n\t\t\t\t\t<div class=\"vbo-modotareviews-subscore-progress-inner\">\n\t\t\t\t\t\t<div class=\"vbo-modotareviews-subscore-progress-bar\">\n\t\t\t\t\t\t\t<div class=\"vbo-modotareviews-subscore-progress vbo-modotareviews-four-fourth\" style=\"width: 97%;\"><\/div>\n\t\t\t\t\t\t<\/div>\n\t\t\t\t\t<\/div>\n\t\t\t\t\t<div class=\"vbo-modotareviews-subscore-point\">9.7<\/div>\n\t\t\t\t<\/div>\n\t\t\t<\/div>\n\t\t\t\t\t<\/div>\n\t<\/div>\n\t<\/div>\n\t<\/div>\n\t<\/div>\n<\/div><link rel='stylesheet' id='litespeed-cache-dummy-css' href='https:\/\/www.hideawayherdla.no\/wp-content\/plugins\/litespeed-cache\/assets\/css\/litespeed-dummy.css' media='all' \/>\n<link rel='stylesheet' id='wp-block-heading-css' href='https:\/\/www.hideawayherdla.no\/wp-includes\/blocks\/heading\/style.min.css' media='all' \/>\n<link rel='stylesheet' id='wp-block-paragraph-css' href='https:\/\/www.hideawayherdla.no\/wp-includes\/blocks\/paragraph\/style.min.css' media='all' \/>\n<link rel='stylesheet' id='wp-block-list-css' href='https:\/\/www.hideawayherdla.no\/wp-includes\/blocks\/list\/style.min.css' media='all' \/>\n<link rel='stylesheet' id='wp-block-separator-css' href='https:\/\/www.hideawayherdla.no\/wp-includes\/blocks\/separator\/style.min.css' media='all' \/>\n<link rel='stylesheet' id='wp-block-media-text-css' href='https:\/\/www.hideawayherdla.no\/wp-includes\/blocks\/media-text\/style.min.css' media='all' \/>\n<link rel='stylesheet' id='vbo-sys-style-css' href='https:\/\/www.hideawayherdla.no\/wp-content\/plugins\/vikbooking\/admin\/resources\/css\/system.css' media='all' \/>\n<link rel='stylesheet' id='45c34dc7ebe2f692c9da6601e0252ea0-css' href='https:\/\/www.hideawayherdla.no\/wp-content\/plugins\/vikbooking\/site\/resources\/fontawesome.min.css' media='all' \/>\n<link rel='stylesheet' id='485b9146a4eb8477add5dede4413a375-css' href='https:\/\/www.hideawayherdla.no\/wp-content\/plugins\/vikbooking\/site\/resources\/solid.min.css' media='all' \/>\n<link rel='stylesheet' id='42d8e094acb7bb530acd2afd6feb4ca7-css' href='https:\/\/www.hideawayherdla.no\/wp-content\/plugins\/vikbooking\/site\/resources\/regular.min.css' media='all' \/>\n<link rel='stylesheet' id='5bab708430c6df6ef06208a6926ba0bd-css' href='https:\/\/www.hideawayherdla.no\/wp-content\/plugins\/vikbooking\/modules\/mod_vikbooking_otareviews\/mod_vikbooking_otareviews.css' media='all' \/>\n\n\n\n<hr class=\"wp-block-separator has-alpha-channel-opacity\"\/>\n\n\n\n<h3 class=\"wp-block-heading\">Folgen<\/h3>\n\n\n\n<h4 class=\"wp-block-heading\">Sie uns<\/h4>\n\n\n\t\t<div id=\"instagram-gallery-feed-0\" class=\"instagram-gallery-feed\" data-feed=\"{&quot;id&quot;:0,&quot;account_id&quot;:&quot;8798437790241171&quot;,&quot;source&quot;:&quot;username&quot;,&quot;tag&quot;:&quot;wordpress&quot;,&quot;order_by&quot;:&quot;top_media&quot;,&quot;layout&quot;:&quot;carousel&quot;,&quot;limit&quot;:12,&quot;columns&quot;:3,&quot;spacing&quot;:10,&quot;lazy&quot;:false,&quot;responsive&quot;:{&quot;desktop&quot;:{&quot;columns&quot;:3,&quot;spacing&quot;:10},&quot;tablet&quot;:{&quot;columns&quot;:2,&quot;spacing&quot;:8},&quot;mobile&quot;:{&quot;columns&quot;:1,&quot;spacing&quot;:6},&quot;breakpoints&quot;:{&quot;tablet&quot;:768,&quot;mobile&quot;:480}},&quot;aspect_ratio&quot;:{&quot;width&quot;:1,&quot;height&quot;:1},&quot;highlight&quot;:{&quot;tag&quot;:&quot;&quot;,&quot;id&quot;:&quot;&quot;,&quot;position&quot;:&quot;1,3,5&quot;},&quot;reel&quot;:{&quot;hide&quot;:false},&quot;copyright&quot;:{&quot;hide&quot;:false,&quot;placeholder&quot;:&quot;&quot;},&quot;profile&quot;:{&quot;display&quot;:false,&quot;username&quot;:&quot;&quot;,&quot;nickname&quot;:&quot;&quot;,&quot;website&quot;:&quot;&quot;,&quot;biography&quot;:&quot;&quot;,&quot;link_text&quot;:&quot;Follow&quot;,&quot;website_text&quot;:&quot;Website&quot;,&quot;avatar&quot;:&quot;&quot;},&quot;box&quot;:{&quot;display&quot;:false,&quot;padding&quot;:1,&quot;radius&quot;:0,&quot;background&quot;:&quot;#fefefe&quot;,&quot;profile&quot;:false,&quot;desc&quot;:&quot;&quot;,&quot;text_color&quot;:&quot;#000000&quot;},&quot;mask&quot;:{&quot;display&quot;:true,&quot;background&quot;:&quot;#000000&quot;,&quot;icon_color&quot;:&quot;#ffffff&quot;,&quot;likes_count&quot;:true,&quot;comments_count&quot;:true},&quot;card&quot;:{&quot;display&quot;:false,&quot;radius&quot;:1,&quot;font_size&quot;:12,&quot;background&quot;:&quot;#ffffff&quot;,&quot;background_hover&quot;:&quot;&quot;,&quot;text_color&quot;:&quot;#000000&quot;,&quot;padding&quot;:5,&quot;likes_count&quot;:true,&quot;text_length&quot;:10,&quot;comments_count&quot;:true,&quot;text_align&quot;:&quot;left&quot;},&quot;carousel&quot;:{&quot;centered_slides&quot;:false,&quot;autoplay&quot;:false,&quot;autoplay_interval&quot;:3000,&quot;navarrows&quot;:true,&quot;navarrows_color&quot;:&quot;&quot;,&quot;pagination&quot;:true,&quot;pagination_color&quot;:&quot;&quot;},&quot;modal&quot;:{&quot;display&quot;:true,&quot;profile&quot;:true,&quot;media_description&quot;:true,&quot;likes_count&quot;:true,&quot;comments_count&quot;:true,&quot;comments_list&quot;:false,&quot;text_align&quot;:&quot;left&quot;,&quot;modal_align&quot;:&quot;right&quot;,&quot;text_length&quot;:10000,&quot;font_size&quot;:12},&quot;button&quot;:{&quot;display&quot;:false,&quot;text&quot;:&quot;Bes\\u00f8k oss p\\u00e5 Instagram&quot;,&quot;text_color&quot;:&quot;#ffffff&quot;,&quot;background&quot;:&quot;#aba08a&quot;,&quot;background_hover&quot;:&quot;&quot;},&quot;button_load&quot;:{&quot;display&quot;:false,&quot;text&quot;:&quot;Load more...&quot;,&quot;text_color&quot;:&quot;#ffff&quot;,&quot;background&quot;:&quot;&quot;,&quot;background_hover&quot;:&quot;&quot;}}\">\n\t\t<!-- <FeedContainer\/> -->\n\t\t<\/div>\n\t\t\n\n\n\n<p class=\"animated jackInTheBox delay-2s\">Updates finden Sie auf <a href=\"https:\/\/facebook.com\/hideawayherdla\" target=\"_blank\" rel=\"noreferrer noopener\">Facebook<\/a> und <a href=\"https:\/\/instagram.com\/hideawayherdla\" target=\"_blank\" rel=\"noreferrer noopener\">Instagram<\/a>.<\/p>\n\n\n\n<hr class=\"wp-block-separator has-alpha-channel-opacity\"\/>\n\n\n\n<h3 class=\"wp-block-heading\">Buchen<\/h3>\n\n\n\n<h4 class=\"wp-block-heading\">Sie Ihren Aufenthalt<\/h4>\n\n\n\n<p><a href=\"https:\/\/hideawayherdla.no\/de\/buchen\/\" data-type=\"page\" data-id=\"302\">Buchen Sie online<\/a> oder per E-Mail an&nbsp;<a>booking@hideawayherdla.no<\/a>.<\/p>\n","protected":false},"excerpt":{"rendered":"<p>\u00dcbernachten Sie in exklusiven Fjordsuiten Hideaway Herdla ist ein luxuri\u00f6ses \u00dcbernachtungskonzeptauf Herdla au\u00dferhalb von Bergen.Wir bieten zwei einzelstehende Fjordsuiten,die nahezu \u00fcber dem Meer schwebenund bis zu zwei G\u00e4sten Platz bieten. Die 32&nbsp;m2 gro\u00dfen Suiten bieten: Fjordsuite 1 Die Fjordsuite 1 bietet eine Einrichtung, die in dunkleren Farben gehalten ist. Von Terrasse mit Blick aufs Meer [&hellip;]<\/p>\n","protected":false},"author":1,"featured_media":235,"parent":0,"menu_order":0,"comment_status":"closed","ping_status":"closed","template":"page-no-title","meta":{"_themeisle_gutenberg_block_has_review":false,"footnotes":""},"class_list":["post-308","page","type-page","status-publish","has-post-thumbnail","hentry"],"_links":{"self":[{"href":"https:\/\/www.hideawayherdla.no\/de\/wp-json\/wp\/v2\/pages\/308","targetHints":{"allow":["GET"]}}],"collection":[{"href":"https:\/\/www.hideawayherdla.no\/de\/wp-json\/wp\/v2\/pages"}],"about":[{"href":"https:\/\/www.hideawayherdla.no\/de\/wp-json\/wp\/v2\/types\/page"}],"author":[{"embeddable":true,"href":"https:\/\/www.hideawayherdla.no\/de\/wp-json\/wp\/v2\/users\/1"}],"replies":[{"embeddable":true,"href":"https:\/\/www.hideawayherdla.no\/de\/wp-json\/wp\/v2\/comments?post=308"}],"version-history":[{"count":4,"href":"https:\/\/www.hideawayherdla.no\/de\/wp-json\/wp\/v2\/pages\/308\/revisions"}],"predecessor-version":[{"id":2039,"href":"https:\/\/www.hideawayherdla.no\/de\/wp-json\/wp\/v2\/pages\/308\/revisions\/2039"}],"wp:featuredmedia":[{"embeddable":true,"href":"https:\/\/www.hideawayherdla.no\/de\/wp-json\/wp\/v2\/media\/235"}],"wp:attachment":[{"href":"https:\/\/www.hideawayherdla.no\/de\/wp-json\/wp\/v2\/media?parent=308"}],"curies":[{"name":"wp","href":"https:\/\/api.w.org\/{rel}","templated":true}]}}