{"id":2263,"date":"2026-04-07T11:32:23","date_gmt":"2026-04-07T09:32:23","guid":{"rendered":"https:\/\/www.hideawayherdla.no\/utstyr-og-fasiliteter\/"},"modified":"2026-04-13T10:44:21","modified_gmt":"2026-04-13T08:44:21","slug":"ausstattung-und-komfort","status":"publish","type":"page","link":"https:\/\/www.hideawayherdla.no\/de\/ausstattung-und-komfort\/","title":{"rendered":"Ausstattung und Komfort"},"content":{"rendered":"\n<div class=\"wp-block-media-text alignwide is-stacked-on-mobile\"><figure class=\"wp-block-media-text__media\"><img loading=\"lazy\" decoding=\"async\" width=\"1024\" height=\"768\" src=\"https:\/\/www.hideawayherdla.no\/wp-content\/uploads\/\/2025-10-29-08-44b-1024x768.jpg\" alt=\"HH1 &amp; HH2 + Parkplatz\" class=\"wp-image-2244 size-full\" srcset=\"https:\/\/www.hideawayherdla.no\/wp-content\/uploads\/2025-10-29-08-44b-1024x768.jpg 1024w, https:\/\/www.hideawayherdla.no\/wp-content\/uploads\/2025-10-29-08-44b-300x225.jpg 300w, https:\/\/www.hideawayherdla.no\/wp-content\/uploads\/2025-10-29-08-44b-768x576.jpg 768w, https:\/\/www.hideawayherdla.no\/wp-content\/uploads\/2025-10-29-08-44b-1536x1152.jpg 1536w, https:\/\/www.hideawayherdla.no\/wp-content\/uploads\/2025-10-29-08-44b-2048x1536.jpg 2048w\" sizes=\"auto, (max-width: 1024px) 100vw, 1024px\" \/><\/figure><div class=\"wp-block-media-text__content\">\n<h2 class=\"wp-block-heading\">Alles f\u00fcr einen sch\u00f6nen Aufenthalt<\/h2>\n\n\n\n<div class=\"wp-block-buttons is-content-justification-center is-layout-flex wp-container-core-buttons-is-layout-a89b3969 wp-block-buttons-is-layout-flex\">\n<div class=\"wp-block-button\"><a class=\"wp-block-button__link wp-element-button\" href=\"https:\/\/www.hideawayherdla.no\/de\/buchen\/\">Verf\u00fcgbarkeit \u2013 buchen Sie jetzt!<\/a><\/div>\n<\/div>\n\n\n\n<ul class=\"wp-block-list\">\n<li>kostenloses Parken<\/li>\n\n\n\n<li>Fu\u00dfbodenheizung und Klimaanlage\/W\u00e4rmepumpe<\/li>\n\n\n\n<li>Balkon<\/li>\n\n\n\n<li>kostenloses Internet<\/li>\n\n\n\n<li>Apple TV und Projekter mit Leinwand<\/li>\n<\/ul>\n<\/div><\/div>\n\n\n\n<div class=\"wp-block-media-text alignwide has-media-on-the-right is-stacked-on-mobile\"><div class=\"wp-block-media-text__content\">\n<h2 class=\"wp-block-heading\">Komplette K\u00fcche mit:<\/h2>\n\n\n\n<ol class=\"wp-block-list\">\n<li>Teller, Sch\u00fcsseln usw.<\/li>\n\n\n\n<li>Ventilator, Toaster, Wasserkocher, Salz\/Pfeffer und Speise\u00f6l, Bedienungsanleitungen<\/li>\n\n\n\n<li>Sp\u00fcle<\/li>\n\n\n\n<li>Kapselmaschine (Nespresso) inkl. Kapseln<\/li>\n\n\n\n<li>Kochplatte<\/li>\n\n\n\n<li>Pfannen, Kocht\u00f6pfe, Besteck, Schneidebrett, Messer und diverses K\u00fcchenausr\u00fcstung<\/li>\n\n\n\n<li>M\u00fcllbeutel, Reinigungsmittel usw.<\/li>\n\n\n\n<li>Geschirrsp\u00fcler<\/li>\n\n\n\n<li>K\u00fchlschrank mit Gefrierfach<\/li>\n\n\n\n<li>Backofen<\/li>\n<\/ol>\n<\/div><figure class=\"wp-block-media-text__media\"><img loading=\"lazy\" decoding=\"async\" width=\"768\" height=\"1024\" src=\"https:\/\/www.hideawayherdla.no\/wp-content\/uploads\/\/IMG_8588_tall-768x1024.jpeg\" alt=\"Hideaway Herdla \u2013 K\u00fcche\" class=\"wp-image-2248 size-full\" srcset=\"https:\/\/www.hideawayherdla.no\/wp-content\/uploads\/IMG_8588_tall-768x1024.jpeg 768w, https:\/\/www.hideawayherdla.no\/wp-content\/uploads\/IMG_8588_tall-225x300.jpeg 225w, https:\/\/www.hideawayherdla.no\/wp-content\/uploads\/IMG_8588_tall-1152x1536.jpeg 1152w, https:\/\/www.hideawayherdla.no\/wp-content\/uploads\/IMG_8588_tall-1536x2048.jpeg 1536w, https:\/\/www.hideawayherdla.no\/wp-content\/uploads\/IMG_8588_tall-scaled.jpeg 1920w\" sizes=\"auto, (max-width: 768px) 100vw, 768px\" \/><\/figure><\/div>\n\n\n\n<div class=\"wp-block-media-text alignwide is-stacked-on-mobile\"><figure class=\"wp-block-media-text__media\"><img loading=\"lazy\" decoding=\"async\" width=\"768\" height=\"1024\" src=\"https:\/\/www.hideawayherdla.no\/wp-content\/uploads\/\/HH1_bad_1_379-768x1024.jpg\" alt=\"Hideaway Herdla \u2013 Bad\" class=\"wp-image-987 size-full\" srcset=\"https:\/\/www.hideawayherdla.no\/wp-content\/uploads\/HH1_bad_1_379-768x1024.jpg 768w, https:\/\/www.hideawayherdla.no\/wp-content\/uploads\/HH1_bad_1_379-225x300.jpg 225w, https:\/\/www.hideawayherdla.no\/wp-content\/uploads\/HH1_bad_1_379-1152x1536.jpg 1152w, https:\/\/www.hideawayherdla.no\/wp-content\/uploads\/HH1_bad_1_379.jpg 1440w\" sizes=\"auto, (max-width: 768px) 100vw, 768px\" \/><\/figure><div class=\"wp-block-media-text__content\">\n<h2 class=\"wp-block-heading\">Bad<\/h2>\n\n\n\n<ul class=\"wp-block-list\">\n<li>Waschbecken<\/li>\n\n\n\n<li>Regendusche<\/li>\n\n\n\n<li>Toilette<\/li>\n\n\n\n<li>Fu\u00dfbodenheizung<\/li>\n\n\n\n<li>Seife &amp; Shampoo<\/li>\n<\/ul>\n<\/div><\/div>\n","protected":false},"excerpt":{"rendered":"","protected":false},"author":1,"featured_media":0,"parent":0,"menu_order":0,"comment_status":"closed","ping_status":"closed","template":"","meta":{"_themeisle_gutenberg_block_has_review":false,"footnotes":""},"class_list":["post-2263","page","type-page","status-publish","hentry"],"_links":{"self":[{"href":"https:\/\/www.hideawayherdla.no\/de\/wp-json\/wp\/v2\/pages\/2263","targetHints":{"allow":["GET"]}}],"collection":[{"href":"https:\/\/www.hideawayherdla.no\/de\/wp-json\/wp\/v2\/pages"}],"about":[{"href":"https:\/\/www.hideawayherdla.no\/de\/wp-json\/wp\/v2\/types\/page"}],"author":[{"embeddable":true,"href":"https:\/\/www.hideawayherdla.no\/de\/wp-json\/wp\/v2\/users\/1"}],"replies":[{"embeddable":true,"href":"https:\/\/www.hideawayherdla.no\/de\/wp-json\/wp\/v2\/comments?post=2263"}],"version-history":[{"count":1,"href":"https:\/\/www.hideawayherdla.no\/de\/wp-json\/wp\/v2\/pages\/2263\/revisions"}],"predecessor-version":[{"id":2271,"href":"https:\/\/www.hideawayherdla.no\/de\/wp-json\/wp\/v2\/pages\/2263\/revisions\/2271"}],"wp:attachment":[{"href":"https:\/\/www.hideawayherdla.no\/de\/wp-json\/wp\/v2\/media?parent=2263"}],"curies":[{"name":"wp","href":"https:\/\/api.w.org\/{rel}","templated":true}]}}