{"id":1398,"date":"2025-04-07T14:36:54","date_gmt":"2025-04-07T12:36:54","guid":{"rendered":"https:\/\/hideawayherdla.no\/halvor-bakke\/"},"modified":"2025-06-26T10:34:41","modified_gmt":"2025-06-26T08:34:41","slug":"halvor-bakke","status":"publish","type":"page","link":"https:\/\/www.hideawayherdla.no\/de\/halvor-bakke\/","title":{"rendered":"Halvor Bakke"},"content":{"rendered":"\n<div class=\"wp-block-media-text alignwide is-stacked-on-mobile is-image-fill-element\"><figure class=\"wp-block-media-text__media\"><img loading=\"lazy\" decoding=\"async\" width=\"1024\" height=\"952\" src=\"https:\/\/hideawayherdla.no\/wp-content\/uploads\/\/2025-02-27_Hideaway_Herdla-Halvor_Bakke-1024x952.png\" alt=\"\" class=\"wp-image-647 size-full\" style=\"object-position:50% 50%\" srcset=\"https:\/\/www.hideawayherdla.no\/wp-content\/uploads\/2025-02-27_Hideaway_Herdla-Halvor_Bakke-1024x952.png 1024w, https:\/\/www.hideawayherdla.no\/wp-content\/uploads\/2025-02-27_Hideaway_Herdla-Halvor_Bakke-300x279.png 300w, https:\/\/www.hideawayherdla.no\/wp-content\/uploads\/2025-02-27_Hideaway_Herdla-Halvor_Bakke-768x714.png 768w, https:\/\/www.hideawayherdla.no\/wp-content\/uploads\/2025-02-27_Hideaway_Herdla-Halvor_Bakke-1536x1427.png 1536w, https:\/\/www.hideawayherdla.no\/wp-content\/uploads\/2025-02-27_Hideaway_Herdla-Halvor_Bakke-2048x1903.png 2048w\" sizes=\"auto, (max-width: 1024px) 100vw, 1024px\" \/><\/figure><div class=\"wp-block-media-text__content\">\n<blockquote class=\"wp-block-quote is-layout-flow wp-block-quote-is-layout-flow\">\n<p>Da m\u00fcssen wir dabei sein!<\/p>\n<\/blockquote>\n\n\n\n<p>Der norwegische Interior Designer Halvor Bakke war bereits in der fr\u00fchen Planungsphase von Hideaway Herdla absolut begeistert und bot sich an, den Fjordsuiten seinen geschmackvollen und luxuri\u00f6sen Touch zu geben.<\/p>\n\n\n\n<p>Das Ergebnis sehen wir jetzt: Zwei Fjordsuiten mit individuellem Stil.<\/p>\n\n\n\n<p>\u00dcbrigens: Gefallen Ihnen Gl\u00e4ser oder anderes von Halvor Bakke besonders gut, k\u00f6nnen Sie Gegenst\u00e4nde aus der Kollektion \u00fcber uns beziehen.<\/p>\n<\/div><\/div>\n","protected":false},"excerpt":{"rendered":"","protected":false},"author":1,"featured_media":0,"parent":0,"menu_order":0,"comment_status":"closed","ping_status":"closed","template":"","meta":{"_themeisle_gutenberg_block_has_review":false,"footnotes":""},"class_list":["post-1398","page","type-page","status-publish","hentry"],"_links":{"self":[{"href":"https:\/\/www.hideawayherdla.no\/de\/wp-json\/wp\/v2\/pages\/1398","targetHints":{"allow":["GET"]}}],"collection":[{"href":"https:\/\/www.hideawayherdla.no\/de\/wp-json\/wp\/v2\/pages"}],"about":[{"href":"https:\/\/www.hideawayherdla.no\/de\/wp-json\/wp\/v2\/types\/page"}],"author":[{"embeddable":true,"href":"https:\/\/www.hideawayherdla.no\/de\/wp-json\/wp\/v2\/users\/1"}],"replies":[{"embeddable":true,"href":"https:\/\/www.hideawayherdla.no\/de\/wp-json\/wp\/v2\/comments?post=1398"}],"version-history":[{"count":1,"href":"https:\/\/www.hideawayherdla.no\/de\/wp-json\/wp\/v2\/pages\/1398\/revisions"}],"predecessor-version":[{"id":1399,"href":"https:\/\/www.hideawayherdla.no\/de\/wp-json\/wp\/v2\/pages\/1398\/revisions\/1399"}],"wp:attachment":[{"href":"https:\/\/www.hideawayherdla.no\/de\/wp-json\/wp\/v2\/media?parent=1398"}],"curies":[{"name":"wp","href":"https:\/\/api.w.org\/{rel}","templated":true}]}}