{"id":1360,"date":"2025-04-08T09:06:25","date_gmt":"2025-04-08T07:06:25","guid":{"rendered":"https:\/\/hideawayherdla.no\/insel-herdla\/"},"modified":"2025-06-24T12:51:55","modified_gmt":"2025-06-24T10:51:55","slug":"insel-herdla","status":"publish","type":"page","link":"https:\/\/www.hideawayherdla.no\/de\/insel-herdla\/","title":{"rendered":"Insel Herdla"},"content":{"rendered":"\n<figure class=\"wp-block-video alignwide\"><video height=\"500\" style=\"aspect-ratio: 1200 \/ 500;\" width=\"1200\" controls=\"\" src=\"https:\/\/hideawayherdla.no\/wp-content\/uploads\/Herdla.mp4\"><\/video><\/figure>\n\n<p>Unweit der westnorwegischen Hansastadt Bergen, an der Nordspitze der Insel Ask\u00f8y, liegt das idyllische Herdla.<br\/>Hier erwartet Sei eine einzigartige Kombination aus gro\u00dfartiger Natur, spannender Tierwelt und einem faszinierenden historischen Erbe \u2013 ein perfektes Reiseziel, ganz gleich, ob man einfach entspannen, aktiv sein oder in die spannende Geschichte Herdlas eintauchen m\u00f6chte.<\/p>\n\n<h2 class=\"wp-block-heading\">Natur und Outdoor-Aktivit\u00e4ten<\/h2>\n\n<p>Die malerische Umgebung und das Meer bieten die Grundlage f\u00fcr eine Vielzahl von Aktivit\u00e4ten im Freien wie Wandern, Golf und Discgolf. F\u00fcr Vogelbeobachter ist Herdla ein wahres Paradies, denn die Insel ist bekannt f\u00fcr ihren reichen Vogelbestand und z\u00e4hlt zu den wichtigsten Vogelschutzgebieten Norwegens.<\/p>\n\n<h2 class=\"wp-block-heading\">Kriegs\u00adgeschichte<\/h2>\n\n<p>Herdla ist auch ein Ort f\u00fcr alle, die sich f\u00fcr Geschichte interessieren. W\u00e4hrend des Zweiten Weltkriegs war die Insel ein strategisch wichtiger Milit\u00e4rst\u00fctzpunkt. Die \u00dcberreste der deutschen Verteidigungsanlagen stehen noch immer als stille Zeugen dieser dunklen Zeit.<br\/>Besuchen Sie das Herdla-Museum, um die Rolle der Insel im Krieg zu entdecken. Das Museum zeigt gut erhaltene Artefakte, Fotografien und pers\u00f6nliche Geschichten, die Einblicke in das Alltagsleben von Soldaten und Zivilisten w\u00e4hrend der Besatzung geben.<\/p>\n","protected":false},"excerpt":{"rendered":"<p>Unweit der westnorwegischen Hansastadt Bergen, an der Nordspitze der Insel Ask\u00f8y, liegt das idyllische Herdla.Hier erwartet Sei eine einzigartige Kombination aus gro\u00dfartiger Natur, spannender Tierwelt und einem faszinierenden historischen Erbe \u2013 ein perfektes Reiseziel, ganz gleich, ob man einfach entspannen, aktiv sein oder in die spannende Geschichte Herdlas eintauchen m\u00f6chte. Natur und Outdoor-Aktivit\u00e4ten Die malerische [&hellip;]<\/p>\n","protected":false},"author":1,"featured_media":0,"parent":0,"menu_order":0,"comment_status":"closed","ping_status":"closed","template":"","meta":{"_themeisle_gutenberg_block_has_review":false,"footnotes":""},"class_list":["post-1360","page","type-page","status-publish","hentry"],"_links":{"self":[{"href":"https:\/\/www.hideawayherdla.no\/de\/wp-json\/wp\/v2\/pages\/1360","targetHints":{"allow":["GET"]}}],"collection":[{"href":"https:\/\/www.hideawayherdla.no\/de\/wp-json\/wp\/v2\/pages"}],"about":[{"href":"https:\/\/www.hideawayherdla.no\/de\/wp-json\/wp\/v2\/types\/page"}],"author":[{"embeddable":true,"href":"https:\/\/www.hideawayherdla.no\/de\/wp-json\/wp\/v2\/users\/1"}],"replies":[{"embeddable":true,"href":"https:\/\/www.hideawayherdla.no\/de\/wp-json\/wp\/v2\/comments?post=1360"}],"version-history":[{"count":1,"href":"https:\/\/www.hideawayherdla.no\/de\/wp-json\/wp\/v2\/pages\/1360\/revisions"}],"predecessor-version":[{"id":1361,"href":"https:\/\/www.hideawayherdla.no\/de\/wp-json\/wp\/v2\/pages\/1360\/revisions\/1361"}],"wp:attachment":[{"href":"https:\/\/www.hideawayherdla.no\/de\/wp-json\/wp\/v2\/media?parent=1360"}],"curies":[{"name":"wp","href":"https:\/\/api.w.org\/{rel}","templated":true}]}}