{"id":1347,"date":"2025-03-27T11:39:06","date_gmt":"2025-03-27T10:39:06","guid":{"rendered":"https:\/\/hideawayherdla.no\/fjordsuite-1\/"},"modified":"2025-09-11T10:22:04","modified_gmt":"2025-09-11T08:22:04","slug":"fjordsuite-1","status":"publish","type":"page","link":"https:\/\/www.hideawayherdla.no\/de\/fjordsuite-1\/","title":{"rendered":"Fjordsuite 1"},"content":{"rendered":"\n<div id=\"wp-block-themeisle-blocks-slider-cef7c892\" class=\"wp-block-themeisle-blocks-slider alignwide glide\" data-per-view=\"1\" data-gap=\"0\" data-peek=\"0\" data-autoplay=\"3000\" data-height=\"800px\" data-hide-arrows=\"true\" data-transition=\"ease-in-out\"><div class=\"glide__track\" data-glide-el=\"track\"><div class=\"glide__slides\"><div class=\"wp-block-themeisle-blocks-slider-item-wrapper glide__slide\" tabindex=\"0\"><figure><img decoding=\"async\" class=\"wp-block-themeisle-blocks-slider-item\" src=\"https:\/\/hideawayherdla.no\/wp-content\/uploads\/HH1_ute_1_197.jpg\" alt=\"\" title=\"\" data-id=\"1026\"\/><figcaption>Fjordsuite 1<\/figcaption><\/figure><\/div><div class=\"wp-block-themeisle-blocks-slider-item-wrapper glide__slide\" tabindex=\"0\"><figure><img decoding=\"async\" class=\"wp-block-themeisle-blocks-slider-item\" src=\"https:\/\/hideawayherdla.no\/wp-content\/uploads\/HH1_inne_2_372.jpg\" alt=\"\" title=\"\" data-id=\"996\"\/><\/figure><\/div><div class=\"wp-block-themeisle-blocks-slider-item-wrapper glide__slide\" tabindex=\"0\"><figure><img decoding=\"async\" class=\"wp-block-themeisle-blocks-slider-item\" src=\"https:\/\/hideawayherdla.no\/wp-content\/uploads\/HH1_inne_3_352.jpg\" alt=\"\" title=\"\" data-id=\"999\"\/><\/figure><\/div><div class=\"wp-block-themeisle-blocks-slider-item-wrapper glide__slide\" tabindex=\"0\"><figure><img decoding=\"async\" class=\"wp-block-themeisle-blocks-slider-item\" src=\"https:\/\/hideawayherdla.no\/wp-content\/uploads\/HH1_inne_1_HDR.jpg\" alt=\"\" title=\"\" data-id=\"993\"\/><\/figure><\/div><div class=\"wp-block-themeisle-blocks-slider-item-wrapper glide__slide\" tabindex=\"0\"><figure><img decoding=\"async\" class=\"wp-block-themeisle-blocks-slider-item\" src=\"https:\/\/hideawayherdla.no\/wp-content\/uploads\/HH1_inne_4_364.jpg\" alt=\"\" title=\"\" data-id=\"1002\"\/><\/figure><\/div><div class=\"wp-block-themeisle-blocks-slider-item-wrapper glide__slide\" tabindex=\"0\"><figure><img decoding=\"async\" class=\"wp-block-themeisle-blocks-slider-item\" src=\"https:\/\/hideawayherdla.no\/wp-content\/uploads\/HH1_inne_5_368.jpg\" alt=\"\" title=\"\" data-id=\"1005\"\/><\/figure><\/div><div class=\"wp-block-themeisle-blocks-slider-item-wrapper glide__slide\" tabindex=\"0\"><figure><img decoding=\"async\" class=\"wp-block-themeisle-blocks-slider-item\" src=\"https:\/\/hideawayherdla.no\/wp-content\/uploads\/HH1_inne_6_396.jpg\" alt=\"\" title=\"\" data-id=\"1008\"\/><\/figure><\/div><div class=\"wp-block-themeisle-blocks-slider-item-wrapper glide__slide\" tabindex=\"0\"><figure><img decoding=\"async\" class=\"wp-block-themeisle-blocks-slider-item\" src=\"https:\/\/hideawayherdla.no\/wp-content\/uploads\/HH1_inne_7_393.jpg\" alt=\"\" title=\"\" data-id=\"1011\"\/><\/figure><\/div><div class=\"wp-block-themeisle-blocks-slider-item-wrapper glide__slide\" tabindex=\"0\"><figure><img decoding=\"async\" class=\"wp-block-themeisle-blocks-slider-item\" src=\"https:\/\/hideawayherdla.no\/wp-content\/uploads\/HH1_terrasse_3_291.jpg\" alt=\"\" title=\"\" data-id=\"1023\"\/><\/figure><\/div><div class=\"wp-block-themeisle-blocks-slider-item-wrapper glide__slide\" tabindex=\"0\"><figure><img decoding=\"async\" class=\"wp-block-themeisle-blocks-slider-item\" src=\"https:\/\/hideawayherdla.no\/wp-content\/uploads\/HH1_terrasse_2_278.jpg\" alt=\"\" title=\"\" data-id=\"1020\"\/><\/figure><\/div><div class=\"wp-block-themeisle-blocks-slider-item-wrapper glide__slide\" tabindex=\"0\"><figure><img decoding=\"async\" class=\"wp-block-themeisle-blocks-slider-item\" src=\"https:\/\/hideawayherdla.no\/wp-content\/uploads\/HH1_terrasse_1_274.jpg\" alt=\"\" title=\"\" data-id=\"1017\"\/><\/figure><\/div><div class=\"wp-block-themeisle-blocks-slider-item-wrapper glide__slide\" tabindex=\"0\"><figure><img decoding=\"async\" class=\"wp-block-themeisle-blocks-slider-item\" src=\"https:\/\/hideawayherdla.no\/wp-content\/uploads\/HH1_inne_8_357.jpg\" alt=\"\" title=\"\" data-id=\"1014\"\/><\/figure><\/div><div class=\"wp-block-themeisle-blocks-slider-item-wrapper glide__slide\" tabindex=\"0\"><figure><img decoding=\"async\" class=\"wp-block-themeisle-blocks-slider-item\" src=\"https:\/\/hideawayherdla.no\/wp-content\/uploads\/HH1_bad_1_379.jpg\" alt=\"\" title=\"\" data-id=\"987\"\/><\/figure><\/div><div class=\"wp-block-themeisle-blocks-slider-item-wrapper glide__slide\" tabindex=\"0\"><figure><img decoding=\"async\" class=\"wp-block-themeisle-blocks-slider-item\" src=\"https:\/\/hideawayherdla.no\/wp-content\/uploads\/HH1_bad_2_385.jpg\" alt=\"\" title=\"\" data-id=\"990\"\/><\/figure><\/div><\/div><div class=\"glide__bullets\" data-glide-el=\"controls[nav]\"><button class=\"glide__bullet\" data-glide-dir=\"=0\"><\/button><button class=\"glide__bullet\" data-glide-dir=\"=1\"><\/button><button class=\"glide__bullet\" data-glide-dir=\"=2\"><\/button><button class=\"glide__bullet\" data-glide-dir=\"=3\"><\/button><button class=\"glide__bullet\" data-glide-dir=\"=4\"><\/button><button class=\"glide__bullet\" data-glide-dir=\"=5\"><\/button><button class=\"glide__bullet\" data-glide-dir=\"=6\"><\/button><button class=\"glide__bullet\" data-glide-dir=\"=7\"><\/button><button class=\"glide__bullet\" data-glide-dir=\"=8\"><\/button><button class=\"glide__bullet\" data-glide-dir=\"=9\"><\/button><button class=\"glide__bullet\" data-glide-dir=\"=10\"><\/button><button class=\"glide__bullet\" data-glide-dir=\"=11\"><\/button><button class=\"glide__bullet\" data-glide-dir=\"=12\"><\/button><button class=\"glide__bullet\" data-glide-dir=\"=13\"><\/button><\/div><\/div><\/div>\n\n\n\n<p>In der Fjordsuite 1 ist das Ambiente von dunkleren Farben gepr\u00e4gt. Hier finden bis zu zwei G\u00e4ste alles, was f\u00fcr einen komfortablen Aufenthalt notwendig ist.<\/p>\n\n\n\n<p>Vom Balkon aus er\u00f6ffnet sich ein wunderbarer Blick auf den Hjeltefjord und die Inseln von \u00d8ygarden in Westen. Machen Sie es sich bequem in den komfortablen Gartenm\u00f6beln, beobachten Sie den Schiffsverkehr auf dem Fjord und erleben Sie traumhafte Sonnenunterg\u00e4nge.<\/p>\n\n\n\n<div class=\"wp-block-columns is-layout-flex wp-container-core-columns-is-layout-28f84493 wp-block-columns-is-layout-flex\">\n<div class=\"wp-block-column is-layout-flow wp-block-column-is-layout-flow\" style=\"flex-basis:100%\">\n<h2 class=\"wp-block-heading\">Ausstattung und Komfort<\/h2>\n<\/div>\n<\/div>\n\n\n\n<div class=\"wp-block-columns is-layout-flex wp-container-core-columns-is-layout-28f84493 wp-block-columns-is-layout-flex\">\n<div class=\"wp-block-column is-layout-flow wp-block-column-is-layout-flow\">\n<figure class=\"wp-block-image size-full is-resized\"><img loading=\"lazy\" decoding=\"async\" width=\"3334\" height=\"2501\" src=\"https:\/\/hideawayherdla.no\/wp-content\/uploads\/double-bed.png\" alt=\"Doppelbett\" class=\"wp-image-697\" style=\"width:50px\" srcset=\"https:\/\/www.hideawayherdla.no\/wp-content\/uploads\/double-bed.png 3334w, https:\/\/www.hideawayherdla.no\/wp-content\/uploads\/double-bed-300x225.png 300w, https:\/\/www.hideawayherdla.no\/wp-content\/uploads\/double-bed-1024x768.png 1024w, https:\/\/www.hideawayherdla.no\/wp-content\/uploads\/double-bed-768x576.png 768w, https:\/\/www.hideawayherdla.no\/wp-content\/uploads\/double-bed-1536x1152.png 1536w, https:\/\/www.hideawayherdla.no\/wp-content\/uploads\/double-bed-2048x1536.png 2048w\" sizes=\"auto, (max-width: 3334px) 100vw, 3334px\" \/><figcaption class=\"wp-element-caption\">Doppelbett<\/figcaption><\/figure>\n<\/div>\n\n\n\n<div class=\"wp-block-column is-layout-flow wp-block-column-is-layout-flow\">\n<figure class=\"wp-block-image size-large is-resized\"><img loading=\"lazy\" decoding=\"async\" width=\"1002\" height=\"1024\" src=\"https:\/\/hideawayherdla.no\/wp-content\/uploads\/\/bathroom-restroom-1002x1024.png\" alt=\"Bad\" class=\"wp-image-694\" style=\"width:50px\" srcset=\"https:\/\/www.hideawayherdla.no\/wp-content\/uploads\/bathroom-restroom-1002x1024.png 1002w, https:\/\/www.hideawayherdla.no\/wp-content\/uploads\/bathroom-restroom-293x300.png 293w, https:\/\/www.hideawayherdla.no\/wp-content\/uploads\/bathroom-restroom-768x785.png 768w, https:\/\/www.hideawayherdla.no\/wp-content\/uploads\/bathroom-restroom-1502x1536.png 1502w, https:\/\/www.hideawayherdla.no\/wp-content\/uploads\/bathroom-restroom-2003x2048.png 2003w\" sizes=\"auto, (max-width: 1002px) 100vw, 1002px\" \/><figcaption class=\"wp-element-caption\">Bad<\/figcaption><\/figure>\n<\/div>\n\n\n\n<div class=\"wp-block-column is-layout-flow wp-block-column-is-layout-flow\">\n<figure class=\"wp-block-image size-large is-resized\"><img loading=\"lazy\" decoding=\"async\" width=\"854\" height=\"1024\" src=\"https:\/\/hideawayherdla.no\/wp-content\/uploads\/\/showerhead-854x1024.png\" alt=\"Regendusche\" class=\"wp-image-712\" style=\"width:auto;height:50px\" srcset=\"https:\/\/www.hideawayherdla.no\/wp-content\/uploads\/showerhead-854x1024.png 854w, https:\/\/www.hideawayherdla.no\/wp-content\/uploads\/showerhead-250x300.png 250w, https:\/\/www.hideawayherdla.no\/wp-content\/uploads\/showerhead-768x921.png 768w, https:\/\/www.hideawayherdla.no\/wp-content\/uploads\/showerhead-1281x1536.png 1281w, https:\/\/www.hideawayherdla.no\/wp-content\/uploads\/showerhead-1708x2048.png 1708w\" sizes=\"auto, (max-width: 854px) 100vw, 854px\" \/><figcaption class=\"wp-element-caption\">Regendusche<\/figcaption><\/figure>\n<\/div>\n<\/div>\n\n\n\n<div class=\"wp-block-columns is-layout-flex wp-container-core-columns-is-layout-28f84493 wp-block-columns-is-layout-flex\">\n<div class=\"wp-block-column is-layout-flow wp-block-column-is-layout-flow\">\n<figure class=\"wp-block-image size-large is-resized\"><img loading=\"lazy\" decoding=\"async\" width=\"1024\" height=\"979\" src=\"https:\/\/hideawayherdla.no\/wp-content\/uploads\/\/kitchen-1024x979.png\" alt=\"K\u00fcche\" class=\"wp-image-703\" style=\"width:50px\" srcset=\"https:\/\/www.hideawayherdla.no\/wp-content\/uploads\/kitchen-1024x979.png 1024w, https:\/\/www.hideawayherdla.no\/wp-content\/uploads\/kitchen-300x287.png 300w, https:\/\/www.hideawayherdla.no\/wp-content\/uploads\/kitchen-768x735.png 768w, https:\/\/www.hideawayherdla.no\/wp-content\/uploads\/kitchen-1536x1469.png 1536w, https:\/\/www.hideawayherdla.no\/wp-content\/uploads\/kitchen-2048x1959.png 2048w\" sizes=\"auto, (max-width: 1024px) 100vw, 1024px\" \/><figcaption class=\"wp-element-caption\">K\u00fcche<\/figcaption><\/figure>\n<\/div>\n\n\n\n<div class=\"wp-block-column is-layout-flow wp-block-column-is-layout-flow\">\n<figure class=\"wp-block-image size-large is-resized\"><img loading=\"lazy\" decoding=\"async\" width=\"1024\" height=\"898\" src=\"https:\/\/hideawayherdla.no\/wp-content\/uploads\/\/heating-1024x898.png\" alt=\"Fu\u00dfbodenheizung\" class=\"wp-image-700\" style=\"width:50px\" srcset=\"https:\/\/www.hideawayherdla.no\/wp-content\/uploads\/heating-1024x898.png 1024w, https:\/\/www.hideawayherdla.no\/wp-content\/uploads\/heating-300x263.png 300w, https:\/\/www.hideawayherdla.no\/wp-content\/uploads\/heating-768x674.png 768w, https:\/\/www.hideawayherdla.no\/wp-content\/uploads\/heating-1536x1348.png 1536w, https:\/\/www.hideawayherdla.no\/wp-content\/uploads\/heating-2048x1797.png 2048w\" sizes=\"auto, (max-width: 1024px) 100vw, 1024px\" \/><figcaption class=\"wp-element-caption\">Fu\u00dfbodenheizung<\/figcaption><\/figure>\n<\/div>\n\n\n\n<div class=\"wp-block-column is-layout-flow wp-block-column-is-layout-flow\">\n<figure class=\"wp-block-image size-large is-resized\"><img loading=\"lazy\" decoding=\"async\" width=\"958\" height=\"1024\" src=\"https:\/\/hideawayherdla.no\/wp-content\/uploads\/\/air-conditioning-958x1024.png\" alt=\"Heizung &amp; AC\" class=\"wp-image-688\" style=\"width:auto;height:40px\" srcset=\"https:\/\/www.hideawayherdla.no\/wp-content\/uploads\/air-conditioning-958x1024.png 958w, https:\/\/www.hideawayherdla.no\/wp-content\/uploads\/air-conditioning-281x300.png 281w, https:\/\/www.hideawayherdla.no\/wp-content\/uploads\/air-conditioning-768x821.png 768w, https:\/\/www.hideawayherdla.no\/wp-content\/uploads\/air-conditioning-1437x1536.png 1437w, https:\/\/www.hideawayherdla.no\/wp-content\/uploads\/air-conditioning-1915x2048.png 1915w\" sizes=\"auto, (max-width: 958px) 100vw, 958px\" \/><figcaption class=\"wp-element-caption\">Heizung &amp; AC<\/figcaption><\/figure>\n<\/div>\n<\/div>\n\n\n\n<div class=\"wp-block-columns is-layout-flex wp-container-core-columns-is-layout-28f84493 wp-block-columns-is-layout-flex\">\n<div class=\"wp-block-column is-layout-flow wp-block-column-is-layout-flow\">\n<figure class=\"wp-block-image size-large is-resized\"><img loading=\"lazy\" decoding=\"async\" width=\"1024\" height=\"1020\" src=\"https:\/\/hideawayherdla.no\/wp-content\/uploads\/\/terrace-1024x1020.png\" alt=\"Balkon\" class=\"wp-image-715\" style=\"width:auto;height:40px\" srcset=\"https:\/\/www.hideawayherdla.no\/wp-content\/uploads\/terrace-1024x1020.png 1024w, https:\/\/www.hideawayherdla.no\/wp-content\/uploads\/terrace-300x300.png 300w, https:\/\/www.hideawayherdla.no\/wp-content\/uploads\/terrace-150x150.png 150w, https:\/\/www.hideawayherdla.no\/wp-content\/uploads\/terrace-768x765.png 768w, https:\/\/www.hideawayherdla.no\/wp-content\/uploads\/terrace-1536x1531.png 1536w, https:\/\/www.hideawayherdla.no\/wp-content\/uploads\/terrace-2048x2041.png 2048w\" sizes=\"auto, (max-width: 1024px) 100vw, 1024px\" \/><figcaption class=\"wp-element-caption\">Balkon<\/figcaption><\/figure>\n<\/div>\n\n\n\n<div class=\"wp-block-column is-layout-flow wp-block-column-is-layout-flow\">\n<figure class=\"wp-block-image size-large is-resized\"><img loading=\"lazy\" decoding=\"async\" width=\"1024\" height=\"761\" src=\"https:\/\/hideawayherdla.no\/wp-content\/uploads\/\/wifi-1024x761.png\" alt=\"WiFi\" class=\"wp-image-718\" style=\"width:50px\" srcset=\"https:\/\/www.hideawayherdla.no\/wp-content\/uploads\/wifi-1024x761.png 1024w, https:\/\/www.hideawayherdla.no\/wp-content\/uploads\/wifi-300x223.png 300w, https:\/\/www.hideawayherdla.no\/wp-content\/uploads\/wifi-768x571.png 768w, https:\/\/www.hideawayherdla.no\/wp-content\/uploads\/wifi-1536x1142.png 1536w, https:\/\/www.hideawayherdla.no\/wp-content\/uploads\/wifi-2048x1523.png 2048w\" sizes=\"auto, (max-width: 1024px) 100vw, 1024px\" \/><figcaption class=\"wp-element-caption\">WiFi<\/figcaption><\/figure>\n<\/div>\n\n\n\n<div class=\"wp-block-column is-layout-flow wp-block-column-is-layout-flow\">\n<figure class=\"wp-block-image size-large is-resized\"><img loading=\"lazy\" decoding=\"async\" width=\"1024\" height=\"502\" src=\"https:\/\/hideawayherdla.no\/wp-content\/uploads\/\/appletv-1024x502.png\" alt=\"Apple TV\" class=\"wp-image-691\" style=\"width:50px\" srcset=\"https:\/\/www.hideawayherdla.no\/wp-content\/uploads\/appletv-1024x502.png 1024w, https:\/\/www.hideawayherdla.no\/wp-content\/uploads\/appletv-300x147.png 300w, https:\/\/www.hideawayherdla.no\/wp-content\/uploads\/appletv-768x376.png 768w, https:\/\/www.hideawayherdla.no\/wp-content\/uploads\/appletv-1536x752.png 1536w, https:\/\/www.hideawayherdla.no\/wp-content\/uploads\/appletv-2048x1003.png 2048w\" sizes=\"auto, (max-width: 1024px) 100vw, 1024px\" \/><figcaption class=\"wp-element-caption\">Apple TV<\/figcaption><\/figure>\n<\/div>\n<\/div>\n\n\n\n<div class=\"wp-block-columns is-layout-flex wp-container-core-columns-is-layout-28f84493 wp-block-columns-is-layout-flex\">\n<div class=\"wp-block-column is-layout-flow wp-block-column-is-layout-flow\">\n<figure class=\"wp-block-image size-large is-resized\"><img loading=\"lazy\" decoding=\"async\" width=\"1024\" height=\"559\" src=\"https:\/\/hideawayherdla.no\/wp-content\/uploads\/\/projector-1024x559.png\" alt=\"Projektor &amp; Leinwand\" class=\"wp-image-709\" style=\"width:50px\" srcset=\"https:\/\/www.hideawayherdla.no\/wp-content\/uploads\/projector-1024x559.png 1024w, https:\/\/www.hideawayherdla.no\/wp-content\/uploads\/projector-300x164.png 300w, https:\/\/www.hideawayherdla.no\/wp-content\/uploads\/projector-768x419.png 768w, https:\/\/www.hideawayherdla.no\/wp-content\/uploads\/projector-1536x838.png 1536w, https:\/\/www.hideawayherdla.no\/wp-content\/uploads\/projector-2048x1118.png 2048w\" sizes=\"auto, (max-width: 1024px) 100vw, 1024px\" \/><figcaption class=\"wp-element-caption\">Projektor &amp; Leinwand<\/figcaption><\/figure>\n<\/div>\n\n\n\n<div class=\"wp-block-column is-layout-flow wp-block-column-is-layout-flow\">\n<figure class=\"wp-block-image size-large is-resized\"><img loading=\"lazy\" decoding=\"async\" width=\"1024\" height=\"1024\" src=\"https:\/\/hideawayherdla.no\/wp-content\/uploads\/\/parking-1024x1024.png\" alt=\"Kostenfreies Parken\" class=\"wp-image-706\" style=\"width:auto;height:40px\" srcset=\"https:\/\/www.hideawayherdla.no\/wp-content\/uploads\/parking-1024x1024.png 1024w, https:\/\/www.hideawayherdla.no\/wp-content\/uploads\/parking-300x300.png 300w, https:\/\/www.hideawayherdla.no\/wp-content\/uploads\/parking-150x150.png 150w, https:\/\/www.hideawayherdla.no\/wp-content\/uploads\/parking-768x768.png 768w, https:\/\/www.hideawayherdla.no\/wp-content\/uploads\/parking-1536x1536.png 1536w, https:\/\/www.hideawayherdla.no\/wp-content\/uploads\/parking-2048x2048.png 2048w\" sizes=\"auto, (max-width: 1024px) 100vw, 1024px\" \/><figcaption class=\"wp-element-caption\">Kostenfreies Parken<\/figcaption><\/figure>\n<\/div>\n\n\n\n<div class=\"wp-block-column is-layout-flow wp-block-column-is-layout-flow\">\n<figure class=\"wp-block-image size-large is-resized\"><img loading=\"lazy\" decoding=\"async\" width=\"1024\" height=\"1024\" src=\"https:\/\/hideawayherdla.no\/wp-content\/uploads\/\/no-smoking-1024x1024.png\" alt=\"Nichtraucher\" class=\"wp-image-914\" style=\"width:40px\" srcset=\"https:\/\/www.hideawayherdla.no\/wp-content\/uploads\/no-smoking-1024x1024.png 1024w, https:\/\/www.hideawayherdla.no\/wp-content\/uploads\/no-smoking-300x300.png 300w, https:\/\/www.hideawayherdla.no\/wp-content\/uploads\/no-smoking-150x150.png 150w, https:\/\/www.hideawayherdla.no\/wp-content\/uploads\/no-smoking-768x768.png 768w, https:\/\/www.hideawayherdla.no\/wp-content\/uploads\/no-smoking-1536x1536.png 1536w\" sizes=\"auto, (max-width: 1024px) 100vw, 1024px\" \/><figcaption class=\"wp-element-caption\">Nichtraucher<\/figcaption><\/figure>\n<\/div>\n<\/div>\n\n\n\n<div class=\"wp-block-buttons is-layout-flex wp-block-buttons-is-layout-flex\">\n<div class=\"wp-block-button\"><a class=\"wp-block-button__link wp-element-button\" href=\"https:\/\/hideawayherdla.no\/de\/buchen-hideaway-1\/\">Buchungskalender<\/a><\/div>\n<\/div>\n\n\n\n<p>Haben Sie Fragen, oder m\u00f6chten Sie manuell buchen?<br>Wir freuen uns auf Ihre E-Mail an&nbsp;<strong><a>booking@hideawayherdla.no<\/a><\/strong>.<\/p>\n","protected":false},"excerpt":{"rendered":"<p>In der Fjordsuite 1 ist das Ambiente von dunkleren Farben gepr\u00e4gt. Hier finden bis zu zwei G\u00e4ste alles, was f\u00fcr einen komfortablen Aufenthalt notwendig ist. Vom Balkon aus er\u00f6ffnet sich ein wunderbarer Blick auf den Hjeltefjord und die Inseln von \u00d8ygarden in Westen. Machen Sie es sich bequem in den komfortablen Gartenm\u00f6beln, beobachten Sie den [&hellip;]<\/p>\n","protected":false},"author":1,"featured_media":0,"parent":0,"menu_order":0,"comment_status":"closed","ping_status":"closed","template":"","meta":{"_themeisle_gutenberg_block_has_review":false,"footnotes":""},"class_list":["post-1347","page","type-page","status-publish","hentry"],"_links":{"self":[{"href":"https:\/\/www.hideawayherdla.no\/de\/wp-json\/wp\/v2\/pages\/1347","targetHints":{"allow":["GET"]}}],"collection":[{"href":"https:\/\/www.hideawayherdla.no\/de\/wp-json\/wp\/v2\/pages"}],"about":[{"href":"https:\/\/www.hideawayherdla.no\/de\/wp-json\/wp\/v2\/types\/page"}],"author":[{"embeddable":true,"href":"https:\/\/www.hideawayherdla.no\/de\/wp-json\/wp\/v2\/users\/1"}],"replies":[{"embeddable":true,"href":"https:\/\/www.hideawayherdla.no\/de\/wp-json\/wp\/v2\/comments?post=1347"}],"version-history":[{"count":7,"href":"https:\/\/www.hideawayherdla.no\/de\/wp-json\/wp\/v2\/pages\/1347\/revisions"}],"predecessor-version":[{"id":1948,"href":"https:\/\/www.hideawayherdla.no\/de\/wp-json\/wp\/v2\/pages\/1347\/revisions\/1948"}],"wp:attachment":[{"href":"https:\/\/www.hideawayherdla.no\/de\/wp-json\/wp\/v2\/media?parent=1347"}],"curies":[{"name":"wp","href":"https:\/\/api.w.org\/{rel}","templated":true}]}}